{"id":191,"date":"2023-07-27T17:04:08","date_gmt":"2023-07-27T15:04:08","guid":{"rendered":"https:\/\/primestudio.pl\/?page_id=191"},"modified":"2025-09-07T01:18:02","modified_gmt":"2025-09-06T23:18:02","slug":"o-mnie","status":"publish","type":"page","link":"http:\/\/primestudio.pl\/index.php\/o-mnie\/","title":{"rendered":"O mnie"},"content":{"rendered":"<div class=\"wp-block-image is-style-rounded\">\n<figure class=\"aligncenter size-large is-resized\"><img loading=\"lazy\" decoding=\"async\" width=\"1024\" height=\"683\" src=\"http:\/\/primestudio.pl\/wp-content\/uploads\/2023\/07\/1-1024x683.jpg\" alt=\"\" class=\"wp-image-26\" style=\"width:286px;height:190px\" srcset=\"http:\/\/primestudio.pl\/wp-content\/uploads\/2023\/07\/1-1024x683.jpg 1024w, http:\/\/primestudio.pl\/wp-content\/uploads\/2023\/07\/1-300x200.jpg 300w, http:\/\/primestudio.pl\/wp-content\/uploads\/2023\/07\/1-768x512.jpg 768w, http:\/\/primestudio.pl\/wp-content\/uploads\/2023\/07\/1-1536x1025.jpg 1536w, http:\/\/primestudio.pl\/wp-content\/uploads\/2023\/07\/1-2048x1366.jpg 2048w, http:\/\/primestudio.pl\/wp-content\/uploads\/2023\/07\/1-507x338.jpg 507w\" sizes=\"auto, (max-width: 1024px) 100vw, 1024px\" \/><\/figure>\n<\/div>\n\n\n<p>Nazywam si\u0119 Marcin Jasi\u0144ski. Fotografia to moja pasja od wielu lat. Zaanga\u017cowanie i ci\u0105g\u0142y rozw\u00f3j pcha mnie wci\u0105\u017c w nowe rejony tej pi\u0119knej dziedziny.<br>Moj\u0105 fotografi\u0119 dziel\u0119 na 2 kategorie. Pierwsza z nich to fotografia portretowa, kobieca, biznesowa, kt\u00f3r\u0105 mo\u017cna zobaczy\u0107 tutaj <a href=\"http:\/\/www.marcinjasinski.com.pl\" data-type=\"URL\" data-id=\"www.marcinjasinski.com.pl\">www.marcinjasinski.com.pl<\/a>. <br><br>Drug\u0105 osobn\u0105 kategori\u0105 jest fotografia z moich wielkich pasji jakimi s\u0105 sport oraz muzyka (kt\u00f3r\u0105 r\u00f3wnie\u017c zajmuj\u0119 si\u0119 od wielu lat). <br>Jestem r\u00f3wnie\u017c cz\u0142onkiem <a href=\"http:\/\/www.stf.pl\" data-type=\"link\" data-id=\"www.stf.pl\">Szczeci\u0144skiego Towarzystwa Fotograficznego<\/a>. <br>Wsp\u00f3\u0142pracuj\u0119 z agencj\u0105 sportow\u0105 <a href=\"https:\/\/www.arenaakcji.pl\/\" data-type=\"link\" data-id=\"https:\/\/www.arenaakcji.pl\/\">Arena Akcji<\/a>. Jestem fotografem klubowym <a href=\"https:\/\/www.spr.szczecin.pl\/\" data-type=\"link\" data-id=\"https:\/\/www.spr.szczecin.pl\/\">SPR Pogoni Szczecin<\/a>. Moje zdj\u0119cia mo\u017cna zobaczy\u0107 mi\u0119dzy innymi w takich portalach czy gazetach jak Przegl\u0105d Sportowy, Newsweek, Fakt, Wprost, Wesz\u0142o, Kana\u0142 Sportowy, Canal +, Flashscore czy Super Express.<br>Uwielbiam sporty dru\u017cynowe i tak fotografuje mecze <a href=\"https:\/\/kingwilki.pl\/\" data-type=\"link\" data-id=\"https:\/\/kingwilki.pl\/\">Kinga Szczecin<\/a> w koszykarskiej Orlen Basket Lidze oraz Lidze Mistrz\u00f3w, mecze <a href=\"https:\/\/www.chemik-police.com\/\">Chemika Police<\/a> w siatkarskiej Tauron Lidze kobiet oraz w Europejskich Pucharach. <a href=\"https:\/\/www.handball.szczecin.pl\/\" data-type=\"link\" data-id=\"https:\/\/www.handball.szczecin.pl\/\">Sandra Spa Pogo\u0144 Szczecin<\/a> w pi\u0142ce r\u0119cznej. Fotografowa\u0142em r\u00f3wnie\u017c <a href=\"https:\/\/zprp.pl\/\" data-type=\"link\" data-id=\"https:\/\/zprp.pl\/\">Reprezentacj\u0119 Polski Kobiet i M\u0119\u017cczyzn w Pi\u0142ce R\u0119cznej<\/a> czy te\u017c pi\u0142karsk\u0105 <a href=\"https:\/\/pzpn.pl\/\" data-type=\"link\" data-id=\"https:\/\/zprp.pl\/https:\/\/pzpn.pl\/\">Reprezentacj\u0119 Polski M\u0119\u017cczyzn<\/a>. Nie mog\u0142o zabrakn\u0105\u0107 r\u00f3wnie\u017c zdj\u0119\u0107 ekstraklasowej <a href=\"https:\/\/pogonszczecin.pl\/\" data-type=\"link\" data-id=\"https:\/\/pogonszczecin.pl\/\">Pogoni Szczecin<\/a> oraz zmaga\u0144 <a href=\"https:\/\/swit.szczecin.pl\/\" data-type=\"link\" data-id=\"https:\/\/swit.szczecin.pl\/\">\u015awitu Szczecin<\/a> w 2 lidze.<\/p>\n\n\n\n<p>Zapraszam do wsp\u00f3\u0142pracy.<\/p>\n","protected":false},"excerpt":{"rendered":"<p>Nazywam si\u0119 Marcin Jasi\u0144ski. Fotografia to moja pasja od wielu lat. Zaanga\u017cowanie i ci\u0105g\u0142y rozw\u00f3j pcha mnie wci\u0105\u017c w nowe<\/p>\n<p><a href=\"http:\/\/primestudio.pl\/index.php\/o-mnie\/\" class=\"more-link\">Czytaj dalej &#8230;<span class=\"screen-reader-text\">O mnie<\/span><\/a><\/p>\n","protected":false},"author":1,"featured_media":0,"parent":0,"menu_order":0,"comment_status":"closed","ping_status":"closed","template":"","meta":{"footnotes":""},"class_list":["post-191","page","type-page","status-publish","hentry"],"_links":{"self":[{"href":"http:\/\/primestudio.pl\/index.php\/wp-json\/wp\/v2\/pages\/191","targetHints":{"allow":["GET"]}}],"collection":[{"href":"http:\/\/primestudio.pl\/index.php\/wp-json\/wp\/v2\/pages"}],"about":[{"href":"http:\/\/primestudio.pl\/index.php\/wp-json\/wp\/v2\/types\/page"}],"author":[{"embeddable":true,"href":"http:\/\/primestudio.pl\/index.php\/wp-json\/wp\/v2\/users\/1"}],"replies":[{"embeddable":true,"href":"http:\/\/primestudio.pl\/index.php\/wp-json\/wp\/v2\/comments?post=191"}],"version-history":[{"count":7,"href":"http:\/\/primestudio.pl\/index.php\/wp-json\/wp\/v2\/pages\/191\/revisions"}],"predecessor-version":[{"id":10859,"href":"http:\/\/primestudio.pl\/index.php\/wp-json\/wp\/v2\/pages\/191\/revisions\/10859"}],"wp:attachment":[{"href":"http:\/\/primestudio.pl\/index.php\/wp-json\/wp\/v2\/media?parent=191"}],"curies":[{"name":"wp","href":"https:\/\/api.w.org\/{rel}","templated":true}]}}